{"id":3,"date":"2024-06-29T19:52:45","date_gmt":"2024-06-29T19:52:45","guid":{"rendered":"https:\/\/totallypainfree.com\/Choice_Hotels\/Tampico\/?page_id=3"},"modified":"2024-07-17T17:31:10","modified_gmt":"2024-07-17T17:31:10","slug":"privacy-policy","status":"publish","type":"page","link":"https:\/\/citampico.com\/en\/privacy-policy\/","title":{"rendered":"Aviso de privacidad"},"content":{"rendered":"<p>Con fundamento en los art\u00edculos 15 y 16 de la Ley Federal de Protecci\u00f3n de Datos Personales en Posesi\u00f3n de Particulares, Comfort Inn Tampico, operado por TAMPICO INN SA DE CV, con domicilio en \u00a0Av. Miguel Hidalgo 3408-A, Flores, 89220 Tampico, Tamps., es responsable de recabar sus datos personales, del uso que se le d\u00e9 a los mismos y de su protecci\u00f3n.<\/p>\n\n\n\n<p>\u00bfQu\u00e9 informaci\u00f3n recopilamos?<\/p>\n\n\n\n<p>Recopilamos datos personales cuando usted realiza una reservaci\u00f3n a trav\u00e9s de nuestro sitio web, se comunica con nosotros por correo electr\u00f3nico, tel\u00e9fono o en persona, y cuando utiliza nuestros servicios o participa en nuestras promociones. Los tipos de datos que podemos recabar incluyen:<\/p>\n\n\n\n<p>Informaci\u00f3n de contacto (nombre, direcci\u00f3n, n\u00famero telef\u00f3nico, correo electr\u00f3nico).<br>Informaci\u00f3n de pago (n\u00famero de tarjeta de cr\u00e9dito, datos bancarios).<br>Informaci\u00f3n demogr\u00e1fica (edad, g\u00e9nero, nacionalidad).<br>Preferencias personales (preferencias de habitaci\u00f3n, solicitudes especiales).<br>\u00bfC\u00f3mo utilizamos su informaci\u00f3n?<\/p>\n\n\n\n<p>Utilizamos su informaci\u00f3n personal para los siguientes fines:<\/p>\n\n\n\n<p>Procesar su reserva y garantizar su estad\u00eda en nuestro hotel.<br>Brindarle informaci\u00f3n relevante sobre su reserva y servicios.<br>Mejorar nuestros servicios y personalizar su experiencia.<br>Enviarle comunicaciones de marketing (si ha dado su consentimiento).<br>\u00bfC\u00f3mo protegemos su informaci\u00f3n?<\/p>\n\n\n\n<p>Implementamos medidas de seguridad f\u00edsicas, t\u00e9cnicas y administrativas para proteger su informaci\u00f3n personal contra accesos no autorizados, uso indebido o divulgaci\u00f3n.<\/p>\n\n\n\n<p>\u00bfCon qui\u00e9n compartimos su informaci\u00f3n?<\/p>\n\n\n\n<p>Podemos compartir su informaci\u00f3n personal con terceros proveedores de servicios que nos ayudan a operar nuestro sitio web, procesar reservas y mejorar nuestros servicios, asegur\u00e1ndonos de que estos terceros cumplan con las leyes de protecci\u00f3n de datos.<\/p>\n\n\n\n<p>Sus derechos<\/p>\n\n\n\n<p>Usted tiene derecho a acceder, rectificar y cancelar sus datos personales, as\u00ed como a oponerse al tratamiento de los mismos o revocar el consentimiento que nos haya otorgado para su tratamiento. Para ejercer estos derechos, favor de contactarnos a trav\u00e9s de los siguientes medios:<\/p>\n\n\n\n<p>Departamento de Protecci\u00f3n de Datos Personales<br>\u00a0Av. Miguel Hidalgo 3408-A, Flores, 89220 Tampico, Tamps.<br>Tel\u00e9fono: <a href=\"https:\/\/www.google.com\/search?gs_ssp=eJzj4tZP1zcsiS_JzrOIN2C0UjWosDBNMU9LNDA2SrRIM0ozTLMyqDAyNDY2Nki2SDI2SjUASnsJJ-fnpuUXlShk5uUplCTmFmQm5wMACe4WKw&amp;q=comfort+inn+tampico&amp;rlz=1C1CHBF_esMX915MX915&amp;oq=comfot+inn+tam&amp;gs_lcrp=EgZjaHJvbWUqGAgBEC4YDRivARjHARiABBiYBRiZBRieBTIGCAAQRRg5MhgIARAuGA0YrwEYxwEYgAQYmAUYmQUYngUyCQgCEAAYDRiABDIICAMQABgNGB4yCAgEEAAYFhgeMggIBRAAGBYYHjIICAYQABgWGB4yCAgHEAAYFhgeMggICBAAGBYYHtIBCDYxMzlqMGo3qAIAsAIA&amp;sourceid=chrome&amp;ie=UTF-8#\">833 217 2917<\/a><br>Correo electr\u00f3nico:  hotel@citampico.com<br>Cualquier modificaci\u00f3n a este Aviso de Privacidad ser\u00e1 publicada en nuestro sitio web junto con la fecha efectiva de dichos cambios.<\/p>","protected":false},"excerpt":{"rendered":"<p>Con fundamento en los art\u00edculos 15 y 16 de la Ley Federal de Protecci\u00f3n de Datos Personales en Posesi\u00f3n de Particulares, Comfort Inn Tampico, operado por TAMPICO INN SA DE CV, con domicilio en \u00a0Av. Miguel Hidalgo 3408-A, Flores, 89220 Tampico, Tamps., es responsable de recabar sus datos personales, del uso que se le d\u00e9 [&hellip;]<\/p>\n","protected":false},"author":1,"featured_media":0,"parent":0,"menu_order":0,"comment_status":"closed","ping_status":"open","template":"","meta":{"footnotes":""},"class_list":["post-3","page","type-page","status-publish","hentry"],"aioseo_notices":[],"yoast_head":"<!-- This site is optimized with the Yoast SEO plugin v27.2 - https:\/\/yoast.com\/product\/yoast-seo-wordpress\/ -->\n<title>Aviso de privacidad - Comfort Inn Tampico<\/title>\n<meta name=\"robots\" content=\"index, follow, max-snippet:-1, max-image-preview:large, max-video-preview:-1\" \/>\n<link rel=\"canonical\" href=\"https:\/\/citampico.com\/en\/privacy-policy\/\" \/>\n<meta property=\"og:locale\" content=\"en_US\" \/>\n<meta property=\"og:type\" content=\"article\" \/>\n<meta property=\"og:title\" content=\"Aviso de privacidad - Comfort Inn Tampico\" \/>\n<meta property=\"og:description\" content=\"Con fundamento en los art\u00edculos 15 y 16 de la Ley Federal de Protecci\u00f3n de Datos Personales en Posesi\u00f3n de Particulares, Comfort Inn Tampico, operado por TAMPICO INN SA DE CV, con domicilio en \u00a0Av. Miguel Hidalgo 3408-A, Flores, 89220 Tampico, Tamps., es responsable de recabar sus datos personales, del uso que se le d\u00e9 [&hellip;]\" \/>\n<meta property=\"og:url\" content=\"https:\/\/citampico.com\/en\/privacy-policy\/\" \/>\n<meta property=\"og:site_name\" content=\"Comfort Inn Tampico\" \/>\n<meta property=\"article:publisher\" content=\"https:\/\/www.facebook.com\/comfortinntampico\" \/>\n<meta property=\"article:modified_time\" content=\"2024-07-17T17:31:10+00:00\" \/>\n<meta name=\"twitter:card\" content=\"summary_large_image\" \/>\n<meta name=\"twitter:label1\" content=\"Est. reading time\" \/>\n\t<meta name=\"twitter:data1\" content=\"2 minutes\" \/>\n<script type=\"application\/ld+json\" class=\"yoast-schema-graph\">{\"@context\":\"https:\/\/schema.org\",\"@graph\":[{\"@type\":\"WebPage\",\"@id\":\"https:\/\/citampico.com\/privacy-policy\/\",\"url\":\"https:\/\/citampico.com\/privacy-policy\/\",\"name\":\"Aviso de privacidad - Comfort Inn Tampico\",\"isPartOf\":{\"@id\":\"https:\/\/citampico.com\/#website\"},\"datePublished\":\"2024-06-29T19:52:45+00:00\",\"dateModified\":\"2024-07-17T17:31:10+00:00\",\"breadcrumb\":{\"@id\":\"https:\/\/citampico.com\/privacy-policy\/#breadcrumb\"},\"inLanguage\":\"en-US\",\"potentialAction\":[{\"@type\":\"ReadAction\",\"target\":[\"https:\/\/citampico.com\/privacy-policy\/\"]}]},{\"@type\":\"BreadcrumbList\",\"@id\":\"https:\/\/citampico.com\/privacy-policy\/#breadcrumb\",\"itemListElement\":[{\"@type\":\"ListItem\",\"position\":1,\"name\":\"Inicio\",\"item\":\"https:\/\/citampico.com\/\"},{\"@type\":\"ListItem\",\"position\":2,\"name\":\"Aviso de privacidad\"}]},{\"@type\":\"WebSite\",\"@id\":\"https:\/\/citampico.com\/#website\",\"url\":\"https:\/\/citampico.com\/\",\"name\":\"Comfort Inn Tampico\",\"description\":\"\",\"publisher\":{\"@id\":\"https:\/\/citampico.com\/#organization\"},\"potentialAction\":[{\"@type\":\"SearchAction\",\"target\":{\"@type\":\"EntryPoint\",\"urlTemplate\":\"https:\/\/citampico.com\/?s={search_term_string}\"},\"query-input\":{\"@type\":\"PropertyValueSpecification\",\"valueRequired\":true,\"valueName\":\"search_term_string\"}}],\"inLanguage\":\"en-US\"},{\"@type\":\"Organization\",\"@id\":\"https:\/\/citampico.com\/#organization\",\"name\":\"Comfort Inn Tampico\",\"url\":\"https:\/\/citampico.com\/\",\"logo\":{\"@type\":\"ImageObject\",\"inLanguage\":\"en-US\",\"@id\":\"https:\/\/citampico.com\/#\/schema\/logo\/image\/\",\"url\":\"https:\/\/citampico.com\/wp-content\/uploads\/2024\/06\/84x95-1.png\",\"contentUrl\":\"https:\/\/citampico.com\/wp-content\/uploads\/2024\/06\/84x95-1.png\",\"width\":84,\"height\":95,\"caption\":\"Comfort Inn Tampico\"},\"image\":{\"@id\":\"https:\/\/citampico.com\/#\/schema\/logo\/image\/\"},\"sameAs\":[\"https:\/\/www.facebook.com\/comfortinntampico\"]}]}<\/script>\n<!-- \/ Yoast SEO plugin. -->","yoast_head_json":{"title":"Aviso de privacidad - Comfort Inn Tampico","robots":{"index":"index","follow":"follow","max-snippet":"max-snippet:-1","max-image-preview":"max-image-preview:large","max-video-preview":"max-video-preview:-1"},"canonical":"https:\/\/citampico.com\/en\/privacy-policy\/","og_locale":"en_US","og_type":"article","og_title":"Aviso de privacidad - Comfort Inn Tampico","og_description":"Con fundamento en los art\u00edculos 15 y 16 de la Ley Federal de Protecci\u00f3n de Datos Personales en Posesi\u00f3n de Particulares, Comfort Inn Tampico, operado por TAMPICO INN SA DE CV, con domicilio en \u00a0Av. Miguel Hidalgo 3408-A, Flores, 89220 Tampico, Tamps., es responsable de recabar sus datos personales, del uso que se le d\u00e9 [&hellip;]","og_url":"https:\/\/citampico.com\/en\/privacy-policy\/","og_site_name":"Comfort Inn Tampico","article_publisher":"https:\/\/www.facebook.com\/comfortinntampico","article_modified_time":"2024-07-17T17:31:10+00:00","twitter_card":"summary_large_image","twitter_misc":{"Est. reading time":"2 minutes"},"schema":{"@context":"https:\/\/schema.org","@graph":[{"@type":"WebPage","@id":"https:\/\/citampico.com\/privacy-policy\/","url":"https:\/\/citampico.com\/privacy-policy\/","name":"Aviso de privacidad - Comfort Inn Tampico","isPartOf":{"@id":"https:\/\/citampico.com\/#website"},"datePublished":"2024-06-29T19:52:45+00:00","dateModified":"2024-07-17T17:31:10+00:00","breadcrumb":{"@id":"https:\/\/citampico.com\/privacy-policy\/#breadcrumb"},"inLanguage":"en-US","potentialAction":[{"@type":"ReadAction","target":["https:\/\/citampico.com\/privacy-policy\/"]}]},{"@type":"BreadcrumbList","@id":"https:\/\/citampico.com\/privacy-policy\/#breadcrumb","itemListElement":[{"@type":"ListItem","position":1,"name":"Inicio","item":"https:\/\/citampico.com\/"},{"@type":"ListItem","position":2,"name":"Aviso de privacidad"}]},{"@type":"WebSite","@id":"https:\/\/citampico.com\/#website","url":"https:\/\/citampico.com\/","name":"Comfort Inn Tampico","description":"","publisher":{"@id":"https:\/\/citampico.com\/#organization"},"potentialAction":[{"@type":"SearchAction","target":{"@type":"EntryPoint","urlTemplate":"https:\/\/citampico.com\/?s={search_term_string}"},"query-input":{"@type":"PropertyValueSpecification","valueRequired":true,"valueName":"search_term_string"}}],"inLanguage":"en-US"},{"@type":"Organization","@id":"https:\/\/citampico.com\/#organization","name":"Comfort Inn Tampico","url":"https:\/\/citampico.com\/","logo":{"@type":"ImageObject","inLanguage":"en-US","@id":"https:\/\/citampico.com\/#\/schema\/logo\/image\/","url":"https:\/\/citampico.com\/wp-content\/uploads\/2024\/06\/84x95-1.png","contentUrl":"https:\/\/citampico.com\/wp-content\/uploads\/2024\/06\/84x95-1.png","width":84,"height":95,"caption":"Comfort Inn Tampico"},"image":{"@id":"https:\/\/citampico.com\/#\/schema\/logo\/image\/"},"sameAs":["https:\/\/www.facebook.com\/comfortinntampico"]}]}},"_links":{"self":[{"href":"https:\/\/citampico.com\/en\/wp-json\/wp\/v2\/pages\/3","targetHints":{"allow":["GET"]}}],"collection":[{"href":"https:\/\/citampico.com\/en\/wp-json\/wp\/v2\/pages"}],"about":[{"href":"https:\/\/citampico.com\/en\/wp-json\/wp\/v2\/types\/page"}],"author":[{"embeddable":true,"href":"https:\/\/citampico.com\/en\/wp-json\/wp\/v2\/users\/1"}],"replies":[{"embeddable":true,"href":"https:\/\/citampico.com\/en\/wp-json\/wp\/v2\/comments?post=3"}],"version-history":[{"count":1,"href":"https:\/\/citampico.com\/en\/wp-json\/wp\/v2\/pages\/3\/revisions"}],"predecessor-version":[{"id":384,"href":"https:\/\/citampico.com\/en\/wp-json\/wp\/v2\/pages\/3\/revisions\/384"}],"wp:attachment":[{"href":"https:\/\/citampico.com\/en\/wp-json\/wp\/v2\/media?parent=3"}],"curies":[{"name":"wp","href":"https:\/\/api.w.org\/{rel}","templated":true}]}}